{"id":111,"date":"2025-07-28T18:58:16","date_gmt":"2025-07-28T18:58:16","guid":{"rendered":"https:\/\/autofrei.jetzt\/?page_id=111"},"modified":"2026-03-17T11:27:55","modified_gmt":"2026-03-17T10:27:55","slug":"openkiellinie","status":"publish","type":"page","link":"https:\/\/autofrei.jetzt\/en\/openkiellinie\/","title":{"rendered":"OpenKiellinie"},"content":{"rendered":"<div class=\"aligncenter wp-block-site-logo\"><a href=\"https:\/\/autofrei.jetzt\/en\/\" class=\"custom-logo-link\" rel=\"home\"><img loading=\"lazy\" decoding=\"async\" width=\"241\" height=\"241\" src=\"https:\/\/autofrei.jetzt\/wp-content\/uploads\/2025\/07\/Open_Kiellinie_600_7dg.png\" class=\"custom-logo\" alt=\"Kiellinie.autofrei.jetzt\" srcset=\"https:\/\/autofrei.jetzt\/wp-content\/uploads\/2025\/07\/Open_Kiellinie_600_7dg.png 600w, https:\/\/autofrei.jetzt\/wp-content\/uploads\/2025\/07\/Open_Kiellinie_600_7dg-300x300.png 300w, https:\/\/autofrei.jetzt\/wp-content\/uploads\/2025\/07\/Open_Kiellinie_600_7dg-150x150.png 150w, https:\/\/autofrei.jetzt\/wp-content\/uploads\/2025\/07\/Open_Kiellinie_600_7dg-12x12.png 12w\" sizes=\"auto, (max-width: 241px) 100vw, 241px\" \/><\/a><\/div>\n\n\n<p class=\"has-text-align-center\">~The sound waves crashing instead of traffic noise~<\/p>\n\n\n\n<p class=\"has-text-align-center\"><strong>Over 830 metres \u2013 once a month \u2013 unobstructed view of the sea \u2013 car-free!<\/strong><br>Experience a part of Kiel that people can temporarily reclaim and that is not dominated by car traffic.<\/p>\n\n\n\n<figure class=\"wp-block-image size-large\"><img loading=\"lazy\" decoding=\"async\" width=\"1024\" height=\"683\" src=\"https:\/\/autofrei.jetzt\/wp-content\/uploads\/2025\/07\/IMG_1893-1024x683.jpg\" alt=\"\" class=\"wp-image-343\" srcset=\"https:\/\/autofrei.jetzt\/wp-content\/uploads\/2025\/07\/IMG_1893-1024x683.jpg 1024w, https:\/\/autofrei.jetzt\/wp-content\/uploads\/2025\/07\/IMG_1893-300x200.jpg 300w, https:\/\/autofrei.jetzt\/wp-content\/uploads\/2025\/07\/IMG_1893-768x512.jpg 768w, https:\/\/autofrei.jetzt\/wp-content\/uploads\/2025\/07\/IMG_1893-18x12.jpg 18w, https:\/\/autofrei.jetzt\/wp-content\/uploads\/2025\/07\/IMG_1893.jpg 1500w\" sizes=\"auto, (max-width: 1024px) 100vw, 1024px\" \/><\/figure>\n\n\n\n<p>The OpenKiellinie enables everyone to enjoy the northern Kiellinie with all its qualities.<br><br>Registered as a demonstration and therefore covered by the right of assembly, motor vehicle traffic is banned from this valuable space for a few hours each month, returning the entire waterfront promenade to the people.<\/p>\n\n\n\n<figure class=\"wp-block-gallery has-nested-images columns-default is-cropped wp-block-gallery-1 is-layout-flex wp-block-gallery-is-layout-flex\">\n<figure class=\"wp-block-image size-large\"><img loading=\"lazy\" decoding=\"async\" width=\"1024\" height=\"683\" data-id=\"350\" src=\"https:\/\/autofrei.jetzt\/wp-content\/uploads\/2025\/07\/3-1-1024x683.png\" alt=\"\" class=\"wp-image-350\" srcset=\"https:\/\/autofrei.jetzt\/wp-content\/uploads\/2025\/07\/3-1-1024x683.png 1024w, https:\/\/autofrei.jetzt\/wp-content\/uploads\/2025\/07\/3-1-300x200.png 300w, https:\/\/autofrei.jetzt\/wp-content\/uploads\/2025\/07\/3-1-768x512.png 768w, https:\/\/autofrei.jetzt\/wp-content\/uploads\/2025\/07\/3-1-18x12.png 18w, https:\/\/autofrei.jetzt\/wp-content\/uploads\/2025\/07\/3-1.png 1500w\" sizes=\"auto, (max-width: 1024px) 100vw, 1024px\" \/><\/figure>\n\n\n\n<figure class=\"wp-block-image size-large\"><img loading=\"lazy\" decoding=\"async\" width=\"1024\" height=\"683\" data-id=\"351\" src=\"https:\/\/autofrei.jetzt\/wp-content\/uploads\/2025\/07\/4-1-1024x683.png\" alt=\"\" class=\"wp-image-351\" srcset=\"https:\/\/autofrei.jetzt\/wp-content\/uploads\/2025\/07\/4-1-1024x683.png 1024w, https:\/\/autofrei.jetzt\/wp-content\/uploads\/2025\/07\/4-1-300x200.png 300w, https:\/\/autofrei.jetzt\/wp-content\/uploads\/2025\/07\/4-1-768x512.png 768w, https:\/\/autofrei.jetzt\/wp-content\/uploads\/2025\/07\/4-1-18x12.png 18w, https:\/\/autofrei.jetzt\/wp-content\/uploads\/2025\/07\/4-1.png 1500w\" sizes=\"auto, (max-width: 1024px) 100vw, 1024px\" \/><\/figure>\n<\/figure>\n\n\n\n<p><\/p>\n\n\n\n<p>During OpenKiellinie, it is finally possible to take a relaxed stroll without noise, children learn to ride bicycles, play badminton on the road and draw with chalk. During OpenKiellinie, people on bicycles \u2013 especially those coming from the north \u2013 can safely and comfortably ride through this section of road without being harassed or endangered by motorists.<br><br>Behaviour that is otherwise rarely seen then also occurs frequently: people sit down by the water, take a break and use the northern Kiellinie not only to pass through, but also to linger and engage in activities.<\/p>\n\n\n\n<p><\/p>\n\n\n\n<figure class=\"wp-block-image size-large\"><img loading=\"lazy\" decoding=\"async\" width=\"1024\" height=\"220\" src=\"https:\/\/autofrei.jetzt\/wp-content\/uploads\/2025\/07\/Icons-transp-1024x220.png\" alt=\"\" class=\"wp-image-403\" srcset=\"https:\/\/autofrei.jetzt\/wp-content\/uploads\/2025\/07\/Icons-transp-1024x220.png 1024w, https:\/\/autofrei.jetzt\/wp-content\/uploads\/2025\/07\/Icons-transp-300x65.png 300w, https:\/\/autofrei.jetzt\/wp-content\/uploads\/2025\/07\/Icons-transp-768x165.png 768w, https:\/\/autofrei.jetzt\/wp-content\/uploads\/2025\/07\/Icons-transp-1536x331.png 1536w, https:\/\/autofrei.jetzt\/wp-content\/uploads\/2025\/07\/Icons-transp-2048x441.png 2048w, https:\/\/autofrei.jetzt\/wp-content\/uploads\/2025\/07\/Icons-transp-18x4.png 18w\" sizes=\"auto, (max-width: 1024px) 100vw, 1024px\" \/><\/figure>\n\n\n\n<figure class=\"wp-block-gallery has-nested-images columns-default is-cropped wp-block-gallery-2 is-layout-flex wp-block-gallery-is-layout-flex\">\n<figure class=\"wp-block-image size-large\"><img loading=\"lazy\" decoding=\"async\" width=\"1024\" height=\"683\" data-id=\"345\" src=\"https:\/\/autofrei.jetzt\/wp-content\/uploads\/2025\/07\/1-1024x683.png\" alt=\"\" class=\"wp-image-345\" srcset=\"https:\/\/autofrei.jetzt\/wp-content\/uploads\/2025\/07\/1-1024x683.png 1024w, https:\/\/autofrei.jetzt\/wp-content\/uploads\/2025\/07\/1-300x200.png 300w, https:\/\/autofrei.jetzt\/wp-content\/uploads\/2025\/07\/1-768x512.png 768w, https:\/\/autofrei.jetzt\/wp-content\/uploads\/2025\/07\/1-18x12.png 18w, https:\/\/autofrei.jetzt\/wp-content\/uploads\/2025\/07\/1.png 1500w\" sizes=\"auto, (max-width: 1024px) 100vw, 1024px\" \/><\/figure>\n\n\n\n<figure class=\"wp-block-image size-large\"><img loading=\"lazy\" decoding=\"async\" width=\"1024\" height=\"683\" data-id=\"344\" src=\"https:\/\/autofrei.jetzt\/wp-content\/uploads\/2025\/07\/6-1024x683.png\" alt=\"\" class=\"wp-image-344\" srcset=\"https:\/\/autofrei.jetzt\/wp-content\/uploads\/2025\/07\/6-1024x683.png 1024w, https:\/\/autofrei.jetzt\/wp-content\/uploads\/2025\/07\/6-300x200.png 300w, https:\/\/autofrei.jetzt\/wp-content\/uploads\/2025\/07\/6-768x512.png 768w, https:\/\/autofrei.jetzt\/wp-content\/uploads\/2025\/07\/6-18x12.png 18w, https:\/\/autofrei.jetzt\/wp-content\/uploads\/2025\/07\/6.png 1500w\" sizes=\"auto, (max-width: 1024px) 100vw, 1024px\" \/><\/figure>\n\n\n\n<figure class=\"wp-block-image size-large\"><img loading=\"lazy\" decoding=\"async\" width=\"1024\" height=\"683\" data-id=\"347\" src=\"https:\/\/autofrei.jetzt\/wp-content\/uploads\/2025\/07\/2-1024x683.png\" alt=\"\" class=\"wp-image-347\" srcset=\"https:\/\/autofrei.jetzt\/wp-content\/uploads\/2025\/07\/2-1024x683.png 1024w, https:\/\/autofrei.jetzt\/wp-content\/uploads\/2025\/07\/2-300x200.png 300w, https:\/\/autofrei.jetzt\/wp-content\/uploads\/2025\/07\/2-768x512.png 768w, https:\/\/autofrei.jetzt\/wp-content\/uploads\/2025\/07\/2-18x12.png 18w, https:\/\/autofrei.jetzt\/wp-content\/uploads\/2025\/07\/2.png 1500w\" sizes=\"auto, (max-width: 1024px) 100vw, 1024px\" \/><\/figure>\n<\/figure>\n\n\n\n<p>The Seebar and the D\u00fcsternbrook public pool are fully accessible and open. Drivers coming from the south can drive unhindered from the Bellevue pier intersection to the Seebar\/public pool. <br><br>The disabled parking spaces directly in front of the Seebad\/Seebar are also accessible at all times. Visitors to the Seebad\/Seebar on foot, by bicycle, etc. can reach them as usual from all directions.<\/p>\n\n\n\n<figure class=\"wp-block-pullquote has-normal-font-size\"><blockquote><p>OpenKiellinie: <br><strong>Always on the first Sunday of the month. 10 a.m. to 6 p.m.<br>Between Seebar and Koesterallee.<\/strong><br>In 2026: From March to September!<br><br><strong>03. Mai 2026<\/strong><br><strong>07. Juni 2026<\/strong><br><strong>05. Juli 2026<\/strong><br><strong>02. August 2026<\/strong><br><strong>06. September 2026<\/strong><br><br>*( we are planning to call for a demonstration.<br>There might be more on a case-by-case basis!)<\/p><\/blockquote><\/figure>\n\n\n\n<div class=\"wp-block-columns is-layout-flex wp-container-core-columns-is-layout-28f84493 wp-block-columns-is-layout-flex\">\n<div class=\"wp-block-column is-layout-flow wp-block-column-is-layout-flow\">\n<figure class=\"wp-block-table is-style-regular has-small-font-size\" style=\"margin-top:var(--wp--preset--spacing--20);margin-right:0;margin-bottom:var(--wp--preset--spacing--20);margin-left:0;padding-top:var(--wp--preset--spacing--20);padding-bottom:var(--wp--preset--spacing--20)\"><table class=\"has-fixed-layout\"><thead><tr><th class=\"has-text-align-left\" data-align=\"left\">Nr.<\/th><th class=\"has-text-align-center\" data-align=\"center\">Date<\/th><th class=\"has-text-align-center\" data-align=\"center\">Number of<br>visitors<\/th><\/tr><\/thead><tbody><tr><td class=\"has-text-align-left\" data-align=\"left\">1<\/td><td class=\"has-text-align-center\" data-align=\"center\">18.08.2024<\/td><td class=\"has-text-align-center\" data-align=\"center\">4.696<\/td><\/tr><tr><td class=\"has-text-align-left\" data-align=\"left\">2<\/td><td class=\"has-text-align-center\" data-align=\"center\">01.09.2024<\/td><td class=\"has-text-align-center\" data-align=\"center\">4.934<\/td><\/tr><tr><td class=\"has-text-align-left\" data-align=\"left\">3<\/td><td class=\"has-text-align-center\" data-align=\"center\">04.05.2025<\/td><td class=\"has-text-align-center\" data-align=\"center\">4.442<\/td><\/tr><tr><td class=\"has-text-align-left\" data-align=\"left\">4<\/td><td class=\"has-text-align-center\" data-align=\"center\">01.06.2025<\/td><td class=\"has-text-align-center\" data-align=\"center\">4.401<\/td><\/tr><tr><td class=\"has-text-align-left\" data-align=\"left\">5<\/td><td class=\"has-text-align-center\" data-align=\"center\">06.07.2025<\/td><td class=\"has-text-align-center\" data-align=\"center\">5.474<\/td><\/tr><tr><td class=\"has-text-align-left\" data-align=\"left\">6<\/td><td class=\"has-text-align-center\" data-align=\"center\">03.08.2025<\/td><td class=\"has-text-align-center\" data-align=\"center\">3.155 (half the time rain)<\/td><\/tr><tr><td class=\"has-text-align-left\" data-align=\"left\">7<\/td><td class=\"has-text-align-center\" data-align=\"center\">07.09.2025<\/td><td class=\"has-text-align-center\" data-align=\"center\">7.520<\/td><\/tr><tr><td class=\"has-text-align-left\" data-align=\"left\">8<\/td><td class=\"has-text-align-center\" data-align=\"center\">05.10.2025<\/td><td class=\"has-text-align-center\" data-align=\"center\">1,920 (almost continuous rain,  12 \u00b0C\/ 54 \u00b0F)<\/td><\/tr><tr><td class=\"has-text-align-left\" data-align=\"left\">9<\/td><td class=\"has-text-align-center\" data-align=\"center\">03.05.2026<\/td><td class=\"has-text-align-center\" data-align=\"center\">&#8230;<\/td><\/tr><tr><td class=\"has-text-align-left\" data-align=\"left\">10<\/td><td class=\"has-text-align-center\" data-align=\"center\">07.06.2026<\/td><td class=\"has-text-align-center\" data-align=\"center\">&#8230;<\/td><\/tr><tr><td class=\"has-text-align-left\" data-align=\"left\">11<\/td><td class=\"has-text-align-center\" data-align=\"center\">05.07.2026<\/td><td class=\"has-text-align-center\" data-align=\"center\">&#8230;<\/td><\/tr><tr><td class=\"has-text-align-left\" data-align=\"left\">12<\/td><td class=\"has-text-align-center\" data-align=\"center\">02.08.2026<\/td><td class=\"has-text-align-center\" data-align=\"center\">&#8230;<\/td><\/tr><tr><td class=\"has-text-align-left\" data-align=\"left\">13<\/td><td class=\"has-text-align-center\" data-align=\"center\">06.09.2026<\/td><td class=\"has-text-align-center\" data-align=\"center\">&#8230;<\/td><\/tr><tr><td class=\"has-text-align-left\" data-align=\"left\"><\/td><td class=\"has-text-align-center\" data-align=\"center\">&#8230;<\/td><td class=\"has-text-align-center\" data-align=\"center\"><\/td><\/tr><tr><td class=\"has-text-align-left\" data-align=\"left\"><\/td><td class=\"has-text-align-center\" data-align=\"center\"><strong>Total:<\/strong><\/td><td class=\"has-text-align-center\" data-align=\"center\"><strong>36.542<\/strong><\/td><\/tr><\/tbody><\/table><\/figure>\n<\/div>\n\n\n\n<div class=\"wp-block-column is-layout-flow wp-block-column-is-layout-flow\">\n<figure class=\"wp-block-image aligncenter size-full is-resized\" style=\"margin-top:var(--wp--preset--spacing--50);margin-bottom:var(--wp--preset--spacing--50)\"><img loading=\"lazy\" decoding=\"async\" width=\"862\" height=\"1150\" src=\"https:\/\/autofrei.jetzt\/wp-content\/uploads\/2025\/09\/photo_2025-09-08_08-14-31-1.jpg\" alt=\"\" class=\"wp-image-700\" style=\"width:279px;height:auto\" srcset=\"https:\/\/autofrei.jetzt\/wp-content\/uploads\/2025\/09\/photo_2025-09-08_08-14-31-1.jpg 862w, https:\/\/autofrei.jetzt\/wp-content\/uploads\/2025\/09\/photo_2025-09-08_08-14-31-1-225x300.jpg 225w, https:\/\/autofrei.jetzt\/wp-content\/uploads\/2025\/09\/photo_2025-09-08_08-14-31-1-768x1025.jpg 768w, https:\/\/autofrei.jetzt\/wp-content\/uploads\/2025\/09\/photo_2025-09-08_08-14-31-1-9x12.jpg 9w\" sizes=\"auto, (max-width: 862px) 100vw, 862px\" \/><\/figure>\n<\/div>\n<\/div>\n\n\n\n<hr class=\"wp-block-separator has-text-color has-ti-fg-color has-alpha-channel-opacity has-ti-fg-background-color has-background is-style-wide\" style=\"margin-top:var(--wp--preset--spacing--20);margin-bottom:var(--wp--preset--spacing--20)\"\/>\n\n\n\n<p class=\"has-text-align-center\">Links:<\/p>\n\n\n\n<div class=\"wp-block-buttons alignwide is-content-justification-center is-layout-flex wp-container-core-buttons-is-layout-a89b3969 wp-block-buttons-is-layout-flex\">\n<div class=\"wp-block-button is-style-fill\"><a class=\"wp-block-button__link has-normal-font-size has-text-align-center has-custom-font-size wp-element-button\" href=\"https:\/\/autofrei.jetzt\/en\/faq\/\" style=\"border-width:3px;border-radius:13px;padding-top:0;padding-right:var(--wp--preset--spacing--30);padding-bottom:0;padding-left:var(--wp--preset--spacing--30)\">FAQ<\/a><\/div>\n<\/div>\n\n\n\n<figure class=\"wp-block-image size-large\"><img loading=\"lazy\" decoding=\"async\" width=\"1024\" height=\"310\" src=\"https:\/\/autofrei.jetzt\/wp-content\/uploads\/2025\/07\/Icons-transp2-1024x310.png\" alt=\"\" class=\"wp-image-402\" srcset=\"https:\/\/autofrei.jetzt\/wp-content\/uploads\/2025\/07\/Icons-transp2-1024x310.png 1024w, https:\/\/autofrei.jetzt\/wp-content\/uploads\/2025\/07\/Icons-transp2-300x91.png 300w, https:\/\/autofrei.jetzt\/wp-content\/uploads\/2025\/07\/Icons-transp2-768x232.png 768w, https:\/\/autofrei.jetzt\/wp-content\/uploads\/2025\/07\/Icons-transp2-1536x464.png 1536w, https:\/\/autofrei.jetzt\/wp-content\/uploads\/2025\/07\/Icons-transp2-2048x619.png 2048w, https:\/\/autofrei.jetzt\/wp-content\/uploads\/2025\/07\/Icons-transp2-18x5.png 18w\" sizes=\"auto, (max-width: 1024px) 100vw, 1024px\" \/><\/figure>\n\n\n\n<p><\/p>","protected":false},"excerpt":{"rendered":"<p>~Meeresrauschen statt Autol\u00e4rm~ \u00dcber 830 Meter &#8211; einmal im Monat &#8211; offener Blick auf das Meer &#8211; autofrei!Ein St\u00fcck Kiel, das sich die Menschen kurzzeitig wieder aneignen k\u00f6nnen und nicht vom Autoverkehr dominiert wird. Die OpenKiellinie erm\u00f6glicht, dass alle Menschen die n\u00f6rdliche Kiellinie mit all ihren Qualit\u00e4ten genie\u00dfen k\u00f6nnen. Angezeigt als Kundgebung, somit abgedeckt durch [&hellip;]<\/p>\n","protected":false},"author":4,"featured_media":0,"parent":0,"menu_order":0,"comment_status":"closed","ping_status":"closed","template":"","meta":{"_acf_changed":false,"footnotes":""},"class_list":["post-111","page","type-page","status-publish","hentry"],"acf":[],"_links":{"self":[{"href":"https:\/\/autofrei.jetzt\/en\/wp-json\/wp\/v2\/pages\/111","targetHints":{"allow":["GET"]}}],"collection":[{"href":"https:\/\/autofrei.jetzt\/en\/wp-json\/wp\/v2\/pages"}],"about":[{"href":"https:\/\/autofrei.jetzt\/en\/wp-json\/wp\/v2\/types\/page"}],"author":[{"embeddable":true,"href":"https:\/\/autofrei.jetzt\/en\/wp-json\/wp\/v2\/users\/4"}],"replies":[{"embeddable":true,"href":"https:\/\/autofrei.jetzt\/en\/wp-json\/wp\/v2\/comments?post=111"}],"version-history":[{"count":50,"href":"https:\/\/autofrei.jetzt\/en\/wp-json\/wp\/v2\/pages\/111\/revisions"}],"predecessor-version":[{"id":731,"href":"https:\/\/autofrei.jetzt\/en\/wp-json\/wp\/v2\/pages\/111\/revisions\/731"}],"wp:attachment":[{"href":"https:\/\/autofrei.jetzt\/en\/wp-json\/wp\/v2\/media?parent=111"}],"curies":[{"name":"wp","href":"https:\/\/api.w.org\/{rel}","templated":true}]}}