{"id":232,"date":"2025-07-29T07:50:32","date_gmt":"2025-07-29T07:50:32","guid":{"rendered":"https:\/\/autofrei.jetzt\/?page_id=232"},"modified":"2025-09-19T15:52:48","modified_gmt":"2025-09-19T13:52:48","slug":"petition","status":"publish","type":"page","link":"https:\/\/autofrei.jetzt\/en\/petition\/","title":{"rendered":"Petition"},"content":{"rendered":"\n<p class=\"has-text-align-center has-huge-font-size\"><strong><em><a href=\"https:\/\/www.change.org\/AutofreieKiellinie\"><mark style=\"background-color:rgba(0, 0, 0, 0)\" class=\"has-inline-color has-custom-0099-ab-color\">&#8222;Autofreie Kiellinie &#8211; jetzt!&#8220;<\/mark><\/a><\/em><\/strong><\/p>\n\n\n\n<figure class=\"wp-block-image size-large\"><img loading=\"lazy\" decoding=\"async\" width=\"1024\" height=\"639\" src=\"https:\/\/autofrei.jetzt\/wp-content\/uploads\/2025\/07\/Kiellinie-autofrei-jetzt-1024x639.png\" alt=\"\" class=\"wp-image-292\" srcset=\"https:\/\/autofrei.jetzt\/wp-content\/uploads\/2025\/07\/Kiellinie-autofrei-jetzt-1024x639.png 1024w, https:\/\/autofrei.jetzt\/wp-content\/uploads\/2025\/07\/Kiellinie-autofrei-jetzt-300x187.png 300w, https:\/\/autofrei.jetzt\/wp-content\/uploads\/2025\/07\/Kiellinie-autofrei-jetzt-768x480.png 768w, https:\/\/autofrei.jetzt\/wp-content\/uploads\/2025\/07\/Kiellinie-autofrei-jetzt-1536x959.png 1536w, https:\/\/autofrei.jetzt\/wp-content\/uploads\/2025\/07\/Kiellinie-autofrei-jetzt-2048x1279.png 2048w, https:\/\/autofrei.jetzt\/wp-content\/uploads\/2025\/07\/Kiellinie-autofrei-jetzt-18x12.png 18w\" sizes=\"auto, (max-width: 1024px) 100vw, 1024px\" \/><\/figure>\n\n\n\n<div class=\"wp-block-buttons is-content-justification-center is-layout-flex wp-container-core-buttons-is-layout-a89b3969 wp-block-buttons-is-layout-flex\">\n<div class=\"wp-block-button is-style-fill\"><a class=\"wp-block-button__link wp-element-button\" href=\"https:\/\/www.change.org\/AutofreieKiellinie\" target=\"_blank\" rel=\"noreferrer noopener\"><span class=\"wp-rich-text-font-awesome-icon wp-font-awesome-icon\"><svg aria-hidden=\"true\" focusable=\"false\" data-prefix=\"fas\" data-icon=\"pencil\" class=\"svg-inline--fa fa-pencil \" role=\"img\" xmlns=\"http:\/\/www.w3.org\/2000\/svg\" viewBox=\"0 0 512 512\"><path fill=\"currentColor\" d=\"M36.4 353.2c4.1-14.6 11.8-27.9 22.6-38.7l181.2-181.2 33.9-33.9c16.6 16.6 51.3 51.3 104 104l33.9 33.9-33.9 33.9-181.2 181.2c-10.7 10.7-24.1 18.5-38.7 22.6L30.4 510.6c-8.3 2.3-17.3 0-23.4-6.2S-1.4 489.3 .9 481L36.4 353.2zm55.6-3.7c-4.4 4.7-7.6 10.4-9.3 16.6l-24.1 86.9 86.9-24.1c6.4-1.8 12.2-5.1 17-9.7L91.9 349.5zm354-146.1c-16.6-16.6-51.3-51.3-104-104L308 65.5C334.5 39 349.4 24.1 352.9 20.6 366.4 7 384.8-.6 404-.6S441.6 7 455.1 20.6l35.7 35.7C504.4 69.9 512 88.3 512 107.4s-7.6 37.6-21.2 51.1c-3.5 3.5-18.4 18.4-44.9 44.9z\"><\/path><\/svg><\/span> Hier Petition unterzeichnen!<\/a><\/div>\n\n\n\n<div class=\"wp-block-button is-style-fill\"><a class=\"wp-block-button__link wp-element-button\" href=\"https:\/\/autofrei.jetzt\/faq\/\"><span class=\"wp-rich-text-font-awesome-icon wp-font-awesome-icon\"><svg aria-hidden=\"true\" focusable=\"false\" data-prefix=\"fas\" data-icon=\"comments\" class=\"svg-inline--fa fa-comments \" role=\"img\" xmlns=\"http:\/\/www.w3.org\/2000\/svg\" viewBox=\"0 0 576 512\"><path fill=\"currentColor\" d=\"M384 144c0 97.2-86 176-192 176-26.7 0-52.1-5-75.2-14L35.2 349.2c-9.3 4.9-20.7 3.2-28.2-4.2s-9.2-18.9-4.2-28.2l35.6-67.2C14.3 220.2 0 183.6 0 144 0 46.8 86-32 192-32S384 46.8 384 144zm0 368c-94.1 0-172.4-62.1-188.8-144 120-1.5 224.3-86.9 235.8-202.7 83.3 19.2 145 88.3 145 170.7 0 39.6-14.3 76.2-38.4 105.6l35.6 67.2c4.9 9.3 3.2 20.7-4.2 28.2s-18.9 9.2-28.2 4.2L459.2 498c-23.1 9-48.5 14-75.2 14z\"><\/path><\/svg><\/span> Fragen &amp; Antworten im FAQ!<\/a><\/div>\n<\/div>\n\n\n\n<p><strong>\ud83d\udce2 Unsere Forderung!&nbsp;<\/strong><\/p>\n\n\n\n<p>Wir fordern die zuk\u00fcnftige autofreie Umgestaltung der n\u00f6rdlichen Kiellinie zwischen dem Anleger Bellevue und dem Marinest\u00fctzpunkt Wik!<\/p>\n\n\n\n<p>Als \u00dcbergangsl\u00f6sung bis zur Umgestaltung soll dieser Bereich, mindestens ab der Seebar\/dem Seebad D\u00fcsternbrook Richtung Norden, ab dem Sommer 2026 von Anfang Juni bis Ende September f\u00fcr alle Menschen ge\u00f6ffnet und f\u00fcr den Autoverkehr gesperrt werden.<br><\/p>\n\n\n\n<hr class=\"wp-block-separator has-alpha-channel-opacity is-style-wide\"\/>\n\n\n\n<p><strong>\ud83d\udca1 Wieso eigentlich autofrei?<\/strong><\/p>\n\n\n\n<p>Die gesamte Kiellinie wird vom Schlossgarten\/Seeburg bis zum Marinest\u00fctzpunkt Wik saniert und neu gestaltet. Wir sind \u00fcberzeugt, dass die n\u00f6rdliche Kiellinie f\u00fcr alle Menschen aufgewertet werden muss und dies nur ohne den Elefanten im Porzellanladen, dem Autoverkehr, geschehen kann.<\/p>\n\n\n\n<p>Sichere Wege f\u00fcr alle sowie eine klimaresiliente und umweltorientierte Aufwertung statt l\u00e4rmendem, bedrohlichem und stinkendem Autoverkehr, der die Lebens- und Aufenthaltsqualit\u00e4t in diesem Bereich massiv belastet und einschr\u00e4nkt.<\/p>\n\n\n\n<p>Die n\u00f6rdliche Kiellinie ist ein Juwel der Stadt Kiel und bietet viele Qualit\u00e4ten, die die restlichen Abschnitte der Kiellinie nicht oder nur begrenzt besitzen: direkt im Gr\u00fcnen, direkt am Wasser und dazwischen viel nutzbare Fl\u00e4che.<\/p>\n\n\n\n<p>Die zuk\u00fcnftige Kiellinie sollte ein Raum sein, der Angebote und M\u00f6glichkeiten f\u00fcr Aktivit\u00e4ten und Nutzungen schafft, statt wie der aktuelle Zustand, diese verhindert.<\/p>\n\n\n\n<p>Die Kiellinie bietet als Naherholungsbereich und Bewegungssfl\u00e4che viele Potenziale. Sie kann ein Ort zum Flanieren, Spielen, Joggen, Skaten, Radeln, sich Begegnen, Entspannen, Erholen und Aufhalten sein. Dar\u00fcber hinaus hat sie eine hohe Bedeutung f\u00fcr den Tourismus und f\u00fcr den Fu\u00df- &amp; Radverkehr, da sie die einzige steigungsfreie Verbindung der Wik und der n\u00f6rdlichen Stadtteile mit der Innenstadt und dem Rest von Kiel ist.<\/p>\n\n\n\n<p>\u201eDie autofreie Umgestaltung erm\u00f6glicht es, die Kiellinie Nord als \u00f6ffentlichen Raum komplett neu zu denken und diesen wertvollen Raum, der vor allem f\u00fcr Menschen da sein sollte, mit neuem Leben zu f\u00fcllen. Die r\u00fcckst\u00e4ndige, autogerechte Gestaltung als vermeintliche Schnellstra\u00dfe direkt am Wasser, entspricht keiner zeitgem\u00e4\u00dfen Mobilit\u00e4ts- und Stadtplanung.\u201c (Julian Sch\u00fcngel, Initiative OpenKiellinie)<br><\/p>\n\n\n\n<hr class=\"wp-block-separator has-alpha-channel-opacity is-style-wide\"\/>\n\n\n\n<p><strong>\ud83d\uddfa\ufe0f Wie soll die zuk\u00fcnftige Kiellinie aussehen?&nbsp;<\/strong><\/p>\n\n\n\n<p>Die Umgestaltung als Promenade mit einer landseitig zur\u00fcckgesetzten Premiumroute f\u00fcr den Radverkehr (und Inlinern, Skates, Rollern usw.) auf Teilen der jetzigen Fahrbahn, die Schaffung von Pl\u00e4tzen, Sitzm\u00f6glichkeiten, Begegnungsorten, Spielpl\u00e4tzen, Gr\u00fcnanlagen, Erholungfl\u00e4chen und Freizeitangeboten sowie die Schaffung von direkten Zug\u00e4ngen zum Wasser sind wesentliche Bestandteile der Entw\u00fcrfe f\u00fcr die Umgestaltung.<\/p>\n\n\n\n<div class=\"wp-block-cover is-light has-custom-content-position is-position-top-left\" style=\"min-height:429px;aspect-ratio:unset;\"><img loading=\"lazy\" decoding=\"async\" width=\"1004\" height=\"661\" class=\"wp-block-cover__image-background wp-image-283\" alt=\"Abb. 1: Visualisierung des Gewinner*innenentwurfes des st\u00e4dtebaulichen und freiraumplanerischen Wettbewerbes zur Umgestaltung der Kiellinie. Studio RW Berlin, Studio Wessendorf Berlin, Plancontrol Berlin. Quelle: LH Kiel.\" src=\"https:\/\/autofrei.jetzt\/wp-content\/uploads\/2025\/07\/Kiellinie_Nord.jpg\" data-object-fit=\"cover\" srcset=\"https:\/\/autofrei.jetzt\/wp-content\/uploads\/2025\/07\/Kiellinie_Nord.jpg 1004w, https:\/\/autofrei.jetzt\/wp-content\/uploads\/2025\/07\/Kiellinie_Nord-300x198.jpg 300w, https:\/\/autofrei.jetzt\/wp-content\/uploads\/2025\/07\/Kiellinie_Nord-768x506.jpg 768w, https:\/\/autofrei.jetzt\/wp-content\/uploads\/2025\/07\/Kiellinie_Nord-18x12.jpg 18w\" sizes=\"auto, (max-width: 1004px) 100vw, 1004px\" \/><span aria-hidden=\"true\" class=\"wp-block-cover__background has-background-dim-0 has-background-dim\"><\/span><div class=\"wp-block-cover__inner-container is-layout-flow wp-container-core-cover-is-layout-a77db08e wp-block-cover-is-layout-flow\">\n<p class=\"has-text-align-center has-large-font-size\"><\/p>\n<\/div><\/div>\n\n\n\n<blockquote class=\"wp-block-quote is-layout-flow wp-block-quote-is-layout-flow\">\n<p class=\"has-small-font-size\"><em>Abb. 1: Visualisierung des Gewinner*innenentwurfes des st\u00e4dtebaulichen und freiraumplanerischen Wettbewerbes zur Umgestaltung der Kiellinie. <em>Variante ohne Autoverkehr auf der n\u00f6rdlichen Kiellinie. <\/em><\/em>S<em>tudio RW Berlin, Studio Wessendorf Berlin, Plancontrol Berlin. Quelle: LH Kiel.<\/em><\/p>\n<\/blockquote>\n\n\n\n<p>Das Festhalten an einer \u00d6ffnung f\u00fcr den Autoverkehr lehnen wir ab, ebenfalls wie halbherzige \u201eKompromissl\u00f6sungen\u201c wie eine Einbahnstra\u00dfenregelung f\u00fcr den Autoverkehr. Bleibt der Autoverkehr in der Kiellinie, wird eine Umgestaltung und Aufwertung nicht funktionieren \u2013 hier sind sich die Fachleute, wie renommierte Stadt- &amp; Landschafsplaner*innen und Mobilit\u00e4tsexpert*innen, auch auf Grundlage der Erkenntnisse aus dem Rest der Welt, uneingeschr\u00e4nkt einig.<\/p>\n\n\n\n<p>&#8222;Und das Erleben von Wellen, die pl\u00e4tschern und V\u00f6geln, die zwitschern und Bl\u00e4ttern, die im Wind rauschen &#8211; das mag poetisch sein aber f\u00fcr mich ist das ein echter Antrieb f\u00fcr die autofreie Kiellinie zu k\u00e4mpfen. Also die M\u00f6glichkeit mitten in der Stadt Natur und Weite zu erleben.&#8220; (Benjamin, Initiative OpenKiellinie)<br><\/p>\n\n\n\n<hr class=\"wp-block-separator has-alpha-channel-opacity is-style-wide\"\/>\n\n\n\n<p><strong>\ud83d\udea7 Und was ist mit dem Autoverkehr?<\/strong><\/p>\n\n\n\n<p>Die verkehrliche Bedeutung der n\u00f6rdlichen Kiellinie f\u00fcr den Autoverkehr ist in den letzten Jahren und Jahrzehnten massiv zur\u00fcckgegangen. Die Moblit\u00e4tswende in Kiel ist im vollen Gange: Neben dem generellen, belegten R\u00fcckgang des Autoverkehrs im ganzen Stadtgebiet, sind insbesondere auf der Kiellinie die Zahlen an Autofahrenden stark geschrumpft.<\/p>\n\n\n\n<p>Das Vorhandensein vieler paralleler Alternativrouten, die vor allem f\u00fcr den Auto-Durchgangsverkehr attraktiver sind (z.B. die B76 als leistungsstarker Korridor des privilegierten Grundnetzes f\u00fcr den Autoverkehr), zeigt weiter, dass hier nicht mehr von einer bedeutsamen (Kreis-) Stra\u00dfe gesprochen werden kann.<\/p>\n\n\n\n<p>Das j\u00e4hrlich voranschreitende Wachstum des Fu\u00df- und Radverkehrs, die Ausweitung des F\u00e4hr- &amp; Busnetzes und der Bau der Stadtbahn werden weiter und ma\u00dfgeblich dazu f\u00fchren, dass noch weniger Menschen abh\u00e4ngig sein werden, das Auto als einzige Mobilit\u00e4tsform nutzen zu m\u00fcssen.<\/p>\n\n\n\n<hr class=\"wp-block-separator has-alpha-channel-opacity is-style-wide\"\/>\n\n\n\n<p><strong>\ud83d\udccb Die autofreie Kiellinie eingebettet in ein Ma\u00dfnahmenkonzept<\/strong><\/p>\n\n\n\n<p>Damit auch alle Anwohner*innen der angrenzenden Quartiere und angrenzenden parallelen Stra\u00dfen profitieren und nicht durch Autofahrende, die ihr Quartier als Schleichwege missbrauchen, belastet werden, soll ein Verkehrskonzept mit Verkehrszirkulationspl\u00e4nen und Aufwertungen des bestehenden Stra\u00dfenraums ausgearbeitet werden.<\/p>\n\n\n\n<p>Dies betrifft inbesondere ein Verkehrskonzept f\u00fcr D\u00fcsternbrook, damit Autofahrende im Durchgangsverkehr keine Schleichwege, beispielsweise durch den Niemannsweg, nehmen.<\/p>\n\n\n\n<p>Dar\u00fcber hinaus soll ab den Br\u00fccken \u00fcber den Nord-Ostsee-Kanal eindeutig erkennbar gemacht werden, dass Auto-Durchgangsverkehr \u00fcber die leistungsstarke B76 gef\u00fchrt wird und die Kiellinie (und das Innenstadtgebiet) nicht mehr f\u00fcr den motorisierten Durchgangsverkehr bereitsteht. Auf parallelen Stra\u00dfen wie der Feld- und Holtenauer Stra\u00dfe sollen Z\u00e4hlungen stattfinden und Ma\u00dfnahmen (bspw. mehr gesicherte Querungsm\u00f6glichkeiten, gef\u00e4hrdungs- &amp; l\u00e4rmreduzierende Geschwindigkeitsvorgaben) umgesetzt werden, um m\u00f6gliche Belastungen, durch sich anfangs verlagernden Autoverkehr, entgegenzuwirken.<\/p>\n\n\n\n<p>Durch Umgestaltungen und Stra\u00dfensperrungen weltweit ist der Effekt der &#8222;Traffic Evaporation&#8220; zu erkennen: Autoverkehr verlagert sich nicht einfach eins zu eins auf Alternativrouten, sondern reduziert sich, &#8222;verpufft&#8220; sozusagen, auch weil den Menschen durch Umgestaltungen erm\u00f6glicht wird, sich aktiv, gesundheitsf\u00f6rdernd, stadtvertr\u00e4glich und zukunftsorientiert mit Fu\u00df, Rad und dem \u00d6PNV fortzubewegen.<\/p>\n\n\n\n<hr class=\"wp-block-separator has-alpha-channel-opacity is-style-wide\"\/>\n\n\n\n<p><strong>\ud83d\udce2 Unsere konkreten Forderungen!<\/strong><\/p>\n\n\n\n<p>Wir fordern von der Ratsversammlung der Stadt Kiel die zuk\u00fcnftige autofreie Umgestaltung der n\u00f6rdlichen Kiellinie zwischen dem Anleger Bellevue und dem Marinest\u00fctzpunkt Wik!<\/p>\n\n\n\n<p>Als \u00dcbergangsl\u00f6sung bis zur Umgestaltung soll dieser Bereich, mindestens ab der Seebar\/dem Seebad D\u00fcsternbrook Richtung Norden, jedes Jahr, ab dem Sommer 2026 von Anfang Juni bis Ende September, als Stadtlabor, Premiumroute und Aktionszone f\u00fcr alle Menschen ge\u00f6ffnet und f\u00fcr den Autoverkehr gesperrt werden.<\/p>\n\n\n\n<hr class=\"wp-block-separator has-alpha-channel-opacity is-style-wide\"\/>\n\n\n\n<p><strong>Teilt die Petition und gebt Bekannten und Freund*innen Bescheid!<\/strong><br><strong>Lasst uns gemeinsam f\u00fcr eine bessere Stadt einstehen!<\/strong><\/p>\n\n\n\n<hr class=\"wp-block-separator has-alpha-channel-opacity is-style-wide\"\/>\n\n\n\n<p>Unterst\u00fctzende Initiativen, Vereine und Bewegungen:<\/p>\n\n\n\n<figure class=\"wp-block-image size-full\"><img loading=\"lazy\" decoding=\"async\" width=\"1107\" height=\"406\" src=\"https:\/\/autofrei.jetzt\/wp-content\/uploads\/2025\/09\/Logos_on_white3.jpg\" alt=\"\" class=\"wp-image-702\" srcset=\"https:\/\/autofrei.jetzt\/wp-content\/uploads\/2025\/09\/Logos_on_white3.jpg 1107w, https:\/\/autofrei.jetzt\/wp-content\/uploads\/2025\/09\/Logos_on_white3-300x110.jpg 300w, https:\/\/autofrei.jetzt\/wp-content\/uploads\/2025\/09\/Logos_on_white3-1024x376.jpg 1024w, https:\/\/autofrei.jetzt\/wp-content\/uploads\/2025\/09\/Logos_on_white3-768x282.jpg 768w, https:\/\/autofrei.jetzt\/wp-content\/uploads\/2025\/09\/Logos_on_white3-18x7.jpg 18w\" sizes=\"auto, (max-width: 1107px) 100vw, 1107px\" \/><\/figure>\n\n\n\n<ul class=\"wp-block-list\">\n<li>OpenKiellinie&nbsp;<\/li>\n\n\n\n<li>VCD Ortsgruppe Kiel<\/li>\n\n\n\n<li>Fridays for Future Kiel<\/li>\n\n\n\n<li>NABU Kiel<\/li>\n\n\n\n<li>Junger Rat Kiel<\/li>\n\n\n\n<li>PSC CAU &#8211; Progressiv Studentischer Campus CAU Kiel<\/li>\n\n\n\n<li>Critical Mass Kiel<\/li>\n\n\n\n<li>(weitere werden nachgetragen&#8230;)<\/li>\n<\/ul>\n\n\n\n<hr class=\"wp-block-separator has-alpha-channel-opacity is-style-wide\"\/>\n\n\n\n<p><strong>Eine Petition der Initiative OpenKiellinie.<\/strong><br>Mail: openkiellinie[at]web.de<br>Instagram: &nbsp;<a href=\"https:\/\/www.instagram.com\/openkiellinie\" rel=\"noreferrer noopener\" target=\"_blank\">https:\/\/www.instagram.com\/openkiellinie<\/a><br>Mastodon: <a href=\"https:\/\/norden.social\/@OpenKiellinie\" rel=\"noreferrer noopener\" target=\"_blank\">https:\/\/norden.social\/@OpenKiellinie&nbsp;<\/a><br>Telegram-Info-Channel: <a href=\"https:\/\/t.me\/OpenKiellinie\" rel=\"noreferrer noopener\" target=\"_blank\">https:\/\/t.me\/OpenKiellinie&nbsp;<\/a><\/p>\n\n\n\n<hr class=\"wp-block-separator has-alpha-channel-opacity is-style-wide\"\/>\n\n\n\n<p><em>Bildnachweis<\/em><br><em>Abbildung 1: Visualisierung Kiellinie. URL: <a href=\"https:\/\/www.kiel.de\/de\/kiel_zukunft\/kiel_plant_baut\/_wettbewerb_kiellinie\/kiel_kiellinie_wettbewerbsarbeit_1013.php\" rel=\"noreferrer noopener\" target=\"_blank\">https:\/\/www.kiel.de\/de\/kiel_zukunft\/kiel_plant_baut\/_wettbewerb_kiellinie\/kiel_kiellinie_wettbewerbsarbeit_1013.php<\/a>&nbsp;<\/em><\/p>\n\n\n\n<hr class=\"wp-block-separator has-text-color has-ti-fg-color has-alpha-channel-opacity has-ti-fg-background-color has-background is-style-wide\" style=\"margin-top:var(--wp--preset--spacing--20);margin-bottom:var(--wp--preset--spacing--20)\"\/>\n\n\n\n<p class=\"has-text-align-center\">Links:<\/p>\n\n\n\n<div class=\"wp-block-buttons alignwide is-content-justification-center is-layout-flex wp-container-core-buttons-is-layout-a89b3969 wp-block-buttons-is-layout-flex\">\n<div class=\"wp-block-button is-style-fill\"><a class=\"wp-block-button__link has-text-align-center wp-element-button\" href=\"https:\/\/autofrei.jetzt\/faq\/\"><span class=\"wp-rich-text-font-awesome-icon wp-font-awesome-icon\"><svg aria-hidden=\"true\" focusable=\"false\" data-prefix=\"fas\" data-icon=\"comments\" class=\"svg-inline--fa fa-comments \" role=\"img\" xmlns=\"http:\/\/www.w3.org\/2000\/svg\" viewBox=\"0 0 576 512\"><path fill=\"currentColor\" d=\"M384 144c0 97.2-86 176-192 176-26.7 0-52.1-5-75.2-14L35.2 349.2c-9.3 4.9-20.7 3.2-28.2-4.2s-9.2-18.9-4.2-28.2l35.6-67.2C14.3 220.2 0 183.6 0 144 0 46.8 86-32 192-32S384 46.8 384 144zm0 368c-94.1 0-172.4-62.1-188.8-144 120-1.5 224.3-86.9 235.8-202.7 83.3 19.2 145 88.3 145 170.7 0 39.6-14.3 76.2-38.4 105.6l35.6 67.2c4.9 9.3 3.2 20.7-4.2 28.2s-18.9 9.2-28.2 4.2L459.2 498c-23.1 9-48.5 14-75.2 14z\"><\/path><\/svg><\/span> FAQ<\/a><\/div>\n<\/div>\n\n\n\n<div class=\"wp-block-buttons is-content-justification-center is-layout-flex wp-container-core-buttons-is-layout-a89b3969 wp-block-buttons-is-layout-flex\">\n<div class=\"wp-block-button is-style-fill\"><a class=\"wp-block-button__link wp-element-button\" href=\"https:\/\/www.change.org\/AutofreieKiellinie\" target=\"_blank\" rel=\"noreferrer noopener\"><span class=\"wp-rich-text-font-awesome-icon wp-font-awesome-icon\"><svg aria-hidden=\"true\" focusable=\"false\" data-prefix=\"fas\" data-icon=\"pencil\" class=\"svg-inline--fa fa-pencil \" role=\"img\" xmlns=\"http:\/\/www.w3.org\/2000\/svg\" viewBox=\"0 0 512 512\"><path fill=\"currentColor\" d=\"M36.4 353.2c4.1-14.6 11.8-27.9 22.6-38.7l181.2-181.2 33.9-33.9c16.6 16.6 51.3 51.3 104 104l33.9 33.9-33.9 33.9-181.2 181.2c-10.7 10.7-24.1 18.5-38.7 22.6L30.4 510.6c-8.3 2.3-17.3 0-23.4-6.2S-1.4 489.3 .9 481L36.4 353.2zm55.6-3.7c-4.4 4.7-7.6 10.4-9.3 16.6l-24.1 86.9 86.9-24.1c6.4-1.8 12.2-5.1 17-9.7L91.9 349.5zm354-146.1c-16.6-16.6-51.3-51.3-104-104L308 65.5C334.5 39 349.4 24.1 352.9 20.6 366.4 7 384.8-.6 404-.6S441.6 7 455.1 20.6l35.7 35.7C504.4 69.9 512 88.3 512 107.4s-7.6 37.6-21.2 51.1c-3.5 3.5-18.4 18.4-44.9 44.9z\"><\/path><\/svg><\/span> Hier Petition unterzeichnen!<\/a><\/div>\n<\/div>\n\n\n\n<div class=\"wp-block-columns is-layout-flex wp-container-core-columns-is-layout-28f84493 wp-block-columns-is-layout-flex\">\n<div class=\"wp-block-column is-layout-flow wp-block-column-is-layout-flow\" style=\"flex-basis:100%\"><\/div>\n<\/div>\n\n\n\n<p><\/p>\n","protected":false},"excerpt":{"rendered":"<p>&#8222;Autofreie Kiellinie &#8211; jetzt!&#8220; \ud83d\udce2 Unsere Forderung!&nbsp; Wir fordern die zuk\u00fcnftige autofreie Umgestaltung der n\u00f6rdlichen Kiellinie zwischen dem Anleger Bellevue und dem Marinest\u00fctzpunkt Wik! Als \u00dcbergangsl\u00f6sung bis zur Umgestaltung soll dieser Bereich, mindestens ab der Seebar\/dem Seebad D\u00fcsternbrook Richtung Norden, ab dem Sommer 2026 von Anfang Juni bis Ende September f\u00fcr alle Menschen ge\u00f6ffnet und [&hellip;]<\/p>\n","protected":false},"author":4,"featured_media":0,"parent":0,"menu_order":0,"comment_status":"closed","ping_status":"closed","template":"","meta":{"_acf_changed":false,"footnotes":""},"class_list":["post-232","page","type-page","status-publish","hentry"],"acf":[],"_links":{"self":[{"href":"https:\/\/autofrei.jetzt\/en\/wp-json\/wp\/v2\/pages\/232","targetHints":{"allow":["GET"]}}],"collection":[{"href":"https:\/\/autofrei.jetzt\/en\/wp-json\/wp\/v2\/pages"}],"about":[{"href":"https:\/\/autofrei.jetzt\/en\/wp-json\/wp\/v2\/types\/page"}],"author":[{"embeddable":true,"href":"https:\/\/autofrei.jetzt\/en\/wp-json\/wp\/v2\/users\/4"}],"replies":[{"embeddable":true,"href":"https:\/\/autofrei.jetzt\/en\/wp-json\/wp\/v2\/comments?post=232"}],"version-history":[{"count":34,"href":"https:\/\/autofrei.jetzt\/en\/wp-json\/wp\/v2\/pages\/232\/revisions"}],"predecessor-version":[{"id":717,"href":"https:\/\/autofrei.jetzt\/en\/wp-json\/wp\/v2\/pages\/232\/revisions\/717"}],"wp:attachment":[{"href":"https:\/\/autofrei.jetzt\/en\/wp-json\/wp\/v2\/media?parent=232"}],"curies":[{"name":"wp","href":"https:\/\/api.w.org\/{rel}","templated":true}]}}