{"id":456,"date":"2025-07-30T20:31:09","date_gmt":"2025-07-30T18:31:09","guid":{"rendered":"https:\/\/autofrei.jetzt\/?page_id=456"},"modified":"2025-07-30T20:31:09","modified_gmt":"2025-07-30T18:31:09","slug":"neuigkeiten","status":"publish","type":"page","link":"https:\/\/autofrei.jetzt\/en\/neuigkeiten\/","title":{"rendered":"News"},"content":{"rendered":"<ul class=\"wp-block-latest-posts__list has-dates wp-block-latest-posts\"><li><a class=\"wp-block-latest-posts__post-title\" href=\"https:\/\/autofrei.jetzt\/en\/2-000-unterschriften-und-diesen-mittwoch-ortsbeirat-mit-thema-autofreie-kiellinie\/\">2,000+ signatures and this Wednesday: Local council meeting on the topic of a car-free Kiellinie!<\/a><time datetime=\"2025-11-09T18:58:03+01:00\" class=\"wp-block-latest-posts__post-date\">9. November 2025<\/time><div class=\"wp-block-latest-posts__post-excerpt\">1) Wir freuen uns total, dass unsere Petition zur autofreien Kiellinie nun mehr als &gt;&gt;2.000 Mal&lt;&lt; unterzeichnet wurde! Vielen Dank! Ihr seid gro\u00dfartig! \ud83d\ude42 Ihr habt die Petition noch nicht an Freund*innen und Bekannte geteilt? Wenn jede*r nur eine einzige weitere Person zum Unterzeichnen bringt, dann haben wir direkt doppelt so viele Unterschriften! -&gt; https:\/\/www.change.org\/AutofreieKiellinie 2) Wir brauchen Support! An\u2026 <a class=\"wp-block-latest-posts__read-more\" href=\"https:\/\/autofrei.jetzt\/en\/2-000-unterschriften-und-diesen-mittwoch-ortsbeirat-mit-thema-autofreie-kiellinie\/\" rel=\"noopener noreferrer\">Read more<span class=\"screen-reader-text\">: 2.000+ Unterschriften und diesen Mittwoch: Ortsbeirat mit Thema: Autofreie Kiellinie!<\/span><\/a><\/div><\/li>\n<li><a class=\"wp-block-latest-posts__post-title\" href=\"https:\/\/autofrei.jetzt\/en\/achte-openkiellinie-am-so-05-10-25\/\">Achte OpenKiellinie am So., 05.10.25!<\/a><time datetime=\"2025-09-19T15:42:56+02:00\" class=\"wp-block-latest-posts__post-date\">19. September 2025<\/time><div class=\"wp-block-latest-posts__post-excerpt\">Am Sonntag, der 05. Oktober 2025, findet die achte OpenKiellinie statt! Von 10-18 Uhr wird der Bereich zwischen Seebadeanstalt D\u00fcsternbrook\/Seebar bis zur Koesterallee auf 830 Metern f\u00fcr Menschen ge\u00f6ffnet! \u00dcbrigens: Die Seebadeanstalt D\u00fcsternbrook und die Seebar sind uneingeschr\u00e4nkt erreichbar und ge\u00f6ffnet. Autofahrende k\u00f6nnen aus Richtung S\u00fcden \u00fcber die Kreuzung am Anleger Bellevue ungehindert bis zur Seebar\/Seebad fahren. Auch die Behindertenparkpl\u00e4tze\u2026 <a class=\"wp-block-latest-posts__read-more\" href=\"https:\/\/autofrei.jetzt\/en\/achte-openkiellinie-am-so-05-10-25\/\" rel=\"noopener noreferrer\">Read more<span class=\"screen-reader-text\">: Achte OpenKiellinie am So., 05.10.25!<\/span><\/a><\/div><\/li>\n<li><a class=\"wp-block-latest-posts__post-title\" href=\"https:\/\/autofrei.jetzt\/en\/junger-rat-kiel-unterstuetzt-petition-autofreie-kiellinie-jetzt\/\">Junger Rat Kiel unterst\u00fctzt Petition &#8222;Autofreie Kiellinie &#8211; jetzt!&#8220;<\/a><time datetime=\"2025-09-18T15:49:01+02:00\" class=\"wp-block-latest-posts__post-date\">18. September 2025<\/time><div class=\"wp-block-latest-posts__post-excerpt\">Wir freuen uns sehr, dass der Junge Rat Kiel die Petition &#8222;Autofreie Kiellinie &#8211; jetzt!&#8220; unterst\u00fctzt! Ein Beschluss der Kieler Politiker*innen, dass die Kiellinie Nord autofrei werden soll, besteht schon l\u00e4nger, nun unterst\u00fctzen sie ebenfalls die Petition. Diese sieht neben der autofreien Neugestaltung auch eine \u00dcbergangsl\u00f6sung, die \u00d6ffnung der Kiellinie f\u00fcr mehrere Monate ab dem Sommer 2026 und ein Verkehrs-\u2026 <a class=\"wp-block-latest-posts__read-more\" href=\"https:\/\/autofrei.jetzt\/en\/junger-rat-kiel-unterstuetzt-petition-autofreie-kiellinie-jetzt\/\" rel=\"noopener noreferrer\">Read more<span class=\"screen-reader-text\">: Junger Rat Kiel unterst\u00fctzt Petition &#8222;Autofreie Kiellinie &#8211; jetzt!&#8220;<\/span><\/a><\/div><\/li>\n<li><a class=\"wp-block-latest-posts__post-title\" href=\"https:\/\/autofrei.jetzt\/en\/siebte-openkiellinie-am-so-07-09-25\/\">Siebte OpenKiellinie am So., 07.09.25!<\/a><time datetime=\"2025-09-01T15:40:31+02:00\" class=\"wp-block-latest-posts__post-date\">1. September 2025<\/time><div class=\"wp-block-latest-posts__post-excerpt\">Am Sonntag, der 07. September 2025, findet die siebte OpenKiellinie statt! Von 10-18 Uhr wird der Bereich zwischen Seebadeanstalt D\u00fcsternbrook\/Seebar bis zur Koesterallee auf 830 Metern f\u00fcr Menschen ge\u00f6ffnet! \u00dcbrigens: Die Seebadeanstalt D\u00fcsternbrook und die Seebar sind uneingeschr\u00e4nkt erreichbar und ge\u00f6ffnet. Autofahrende k\u00f6nnen aus Richtung S\u00fcden \u00fcber die Kreuzung am Anleger Bellevue ungehindert bis zur Seebar\/Seebad fahren. Auch die Behindertenparkpl\u00e4tze\u2026 <a class=\"wp-block-latest-posts__read-more\" href=\"https:\/\/autofrei.jetzt\/en\/siebte-openkiellinie-am-so-07-09-25\/\" rel=\"noopener noreferrer\">Read more<span class=\"screen-reader-text\">: Siebte OpenKiellinie am So., 07.09.25!<\/span><\/a><\/div><\/li>\n<li><a class=\"wp-block-latest-posts__post-title\" href=\"https:\/\/autofrei.jetzt\/en\/test-news-ii\/\">Sixth OpenKiellinie on Sunday, 3 August 2025!<\/a><time datetime=\"2025-07-29T08:58:37+02:00\" class=\"wp-block-latest-posts__post-date\">29. July 2025<\/time><div class=\"wp-block-latest-posts__post-excerpt\">On Sunday, 3 August 2025, the sixth OpenKiellinie will take place! From 10 a.m. to 6 p.m., the area between the D\u00fcsternbrook\/Seebar seaside resort and Koesterallee will be open to the public for 830 metres! By the way: The D\u00fcsternbrook seaside resort and the Seebar are fully accessible and open. Drivers coming from the south can drive unhindered from the Bellevue pier intersection to the Seebar\/Seebad. The disabled parking spaces are also... <a class=\"wp-block-latest-posts__read-more\" href=\"https:\/\/autofrei.jetzt\/en\/test-news-ii\/\" rel=\"noopener noreferrer\">Read more<span class=\"screen-reader-text\">: Sechste OpenKiellinie am So., 03.08.25!<\/span><\/a><\/div><\/li>\n<li><a class=\"wp-block-latest-posts__post-title\" href=\"https:\/\/autofrei.jetzt\/en\/test-news\/\">OpenKiellinie website launches!<\/a><time datetime=\"2025-07-29T08:53:55+02:00\" class=\"wp-block-latest-posts__post-date\">29. July 2025<\/time><div class=\"wp-block-latest-posts__post-excerpt\">Welcome!<\/div><\/li>\n<\/ul>\n\n\n<hr class=\"wp-block-separator has-alpha-channel-opacity is-style-wide\"\/>\n\n\n<ul class=\"wp-block-archives-list wp-block-archives\">\t<li><a href='https:\/\/autofrei.jetzt\/en\/2025\/11\/09\/'>9. November 2025<\/a><\/li>\n\t<li><a href='https:\/\/autofrei.jetzt\/en\/2025\/09\/19\/'>19. September 2025<\/a><\/li>\n\t<li><a href='https:\/\/autofrei.jetzt\/en\/2025\/09\/18\/'>18. September 2025<\/a><\/li>\n\t<li><a href='https:\/\/autofrei.jetzt\/en\/2025\/09\/01\/'>1. September 2025<\/a><\/li>\n\t<li><a href='https:\/\/autofrei.jetzt\/en\/2025\/07\/29\/'>29. July 2025<\/a><\/li>\n<\/ul>","protected":false},"excerpt":{"rendered":"","protected":false},"author":4,"featured_media":0,"parent":0,"menu_order":0,"comment_status":"closed","ping_status":"closed","template":"","meta":{"_acf_changed":false,"footnotes":""},"class_list":["post-456","page","type-page","status-publish","hentry"],"acf":[],"_links":{"self":[{"href":"https:\/\/autofrei.jetzt\/en\/wp-json\/wp\/v2\/pages\/456","targetHints":{"allow":["GET"]}}],"collection":[{"href":"https:\/\/autofrei.jetzt\/en\/wp-json\/wp\/v2\/pages"}],"about":[{"href":"https:\/\/autofrei.jetzt\/en\/wp-json\/wp\/v2\/types\/page"}],"author":[{"embeddable":true,"href":"https:\/\/autofrei.jetzt\/en\/wp-json\/wp\/v2\/users\/4"}],"replies":[{"embeddable":true,"href":"https:\/\/autofrei.jetzt\/en\/wp-json\/wp\/v2\/comments?post=456"}],"version-history":[{"count":1,"href":"https:\/\/autofrei.jetzt\/en\/wp-json\/wp\/v2\/pages\/456\/revisions"}],"predecessor-version":[{"id":457,"href":"https:\/\/autofrei.jetzt\/en\/wp-json\/wp\/v2\/pages\/456\/revisions\/457"}],"wp:attachment":[{"href":"https:\/\/autofrei.jetzt\/en\/wp-json\/wp\/v2\/media?parent=456"}],"curies":[{"name":"wp","href":"https:\/\/api.w.org\/{rel}","templated":true}]}}