{"id":99,"date":"2025-07-28T18:44:12","date_gmt":"2025-07-28T18:44:12","guid":{"rendered":"https:\/\/autofrei.jetzt\/?page_id=99"},"modified":"2025-08-06T19:18:04","modified_gmt":"2025-08-06T17:18:04","slug":"umgestaltung-der-kiellinie","status":"publish","type":"page","link":"https:\/\/autofrei.jetzt\/en\/umgestaltung-der-kiellinie\/","title":{"rendered":"Redesigning the Kiellinie"},"content":{"rendered":"<figure class=\"wp-block-image size-large\"><img loading=\"lazy\" decoding=\"async\" width=\"1024\" height=\"419\" src=\"https:\/\/autofrei.jetzt\/wp-content\/uploads\/2025\/07\/Aufsicht-1024x419.jpg\" alt=\"\" class=\"wp-image-329\" srcset=\"https:\/\/autofrei.jetzt\/wp-content\/uploads\/2025\/07\/Aufsicht-1024x419.jpg 1024w, https:\/\/autofrei.jetzt\/wp-content\/uploads\/2025\/07\/Aufsicht-300x123.jpg 300w, https:\/\/autofrei.jetzt\/wp-content\/uploads\/2025\/07\/Aufsicht-768x314.jpg 768w, https:\/\/autofrei.jetzt\/wp-content\/uploads\/2025\/07\/Aufsicht-18x7.jpg 18w, https:\/\/autofrei.jetzt\/wp-content\/uploads\/2025\/07\/Aufsicht.jpg 1200w\" sizes=\"auto, (max-width: 1024px) 100vw, 1024px\" \/><\/figure>\n\n\n\n<blockquote class=\"wp-block-quote is-layout-flow wp-block-quote-is-layout-flow\">\n<p class=\"has-small-font-size\">Fig. 1: Overview plan <em>of the winning design in the urban development and open space planning competition for the redesign of the Kiellinie. Studio RW Berlin, Studio Wessendorf Berlin, Plancontrol Berlin. Source: LH Kiel<\/em><\/p>\n<\/blockquote>\n\n\n\n<div style=\"height:20px\" aria-hidden=\"true\" class=\"wp-block-spacer\"><\/div>\n\n\n\n<p><\/p>\n\n\n\n<p>The Kiellinie, one of Kiel's most iconic and popular locations, is being redesigned along its entire length from the Schlossgarten s to the naval base in Wik. The aim is to move away from the charm of the 1970s and develop a contemporary and sustainable promenade. The advanced plans envisage that the entire area will be modernised, renovated, made more climate-resilient and more people-friendly.<\/p>\n\n\n\n<figure class=\"wp-block-gallery has-nested-images columns-default is-cropped wp-block-gallery-1 is-layout-flex wp-block-gallery-is-layout-flex\">\n<figure class=\"wp-block-image size-large\"><img loading=\"lazy\" decoding=\"async\" width=\"1024\" height=\"638\" data-id=\"331\" src=\"https:\/\/autofrei.jetzt\/wp-content\/uploads\/2025\/07\/1013_003_lpr_1200_46227-1024x638.jpg\" alt=\"\" class=\"wp-image-331\" srcset=\"https:\/\/autofrei.jetzt\/wp-content\/uploads\/2025\/07\/1013_003_lpr_1200_46227-1024x638.jpg 1024w, https:\/\/autofrei.jetzt\/wp-content\/uploads\/2025\/07\/1013_003_lpr_1200_46227-300x187.jpg 300w, https:\/\/autofrei.jetzt\/wp-content\/uploads\/2025\/07\/1013_003_lpr_1200_46227-768x478.jpg 768w, https:\/\/autofrei.jetzt\/wp-content\/uploads\/2025\/07\/1013_003_lpr_1200_46227-18x12.jpg 18w, https:\/\/autofrei.jetzt\/wp-content\/uploads\/2025\/07\/1013_003_lpr_1200_46227.jpg 1198w\" sizes=\"auto, (max-width: 1024px) 100vw, 1024px\" \/><\/figure>\n\n\n\n<figure class=\"wp-block-image size-large\"><img loading=\"lazy\" decoding=\"async\" width=\"1024\" height=\"633\" data-id=\"332\" src=\"https:\/\/autofrei.jetzt\/wp-content\/uploads\/2025\/07\/1013_006_lpbbu_1200_46279-1024x633.jpg\" alt=\"\" class=\"wp-image-332\" srcset=\"https:\/\/autofrei.jetzt\/wp-content\/uploads\/2025\/07\/1013_006_lpbbu_1200_46279-1024x633.jpg 1024w, https:\/\/autofrei.jetzt\/wp-content\/uploads\/2025\/07\/1013_006_lpbbu_1200_46279-300x186.jpg 300w, https:\/\/autofrei.jetzt\/wp-content\/uploads\/2025\/07\/1013_006_lpbbu_1200_46279-768x475.jpg 768w, https:\/\/autofrei.jetzt\/wp-content\/uploads\/2025\/07\/1013_006_lpbbu_1200_46279-18x12.jpg 18w, https:\/\/autofrei.jetzt\/wp-content\/uploads\/2025\/07\/1013_006_lpbbu_1200_46279.jpg 1200w\" sizes=\"auto, (max-width: 1024px) 100vw, 1024px\" \/><\/figure>\n<\/figure>\n\n\n\n<blockquote class=\"wp-block-quote is-layout-flow wp-block-quote-is-layout-flow\">\n<p class=\"has-small-font-size\">Fig. 2 and 3: <em>Site plans of Reventlouwiese (left) and Berthold-Beitz-Ufer \/ Bellevuebr\u00fccke (right)<\/em> (r.) <em>from the winning design of the urban development and open space planning competition for the redesign of the Kiellinie. These plans have already been revised and therefore do not reflect the current state of planning. Studio RW Berlin, Studio Wessendorf Berlin, Plancontrol Berlin. Source: LH Kiel.<\/em><\/p>\n<\/blockquote>\n\n\n\n<div style=\"height:20px\" aria-hidden=\"true\" class=\"wp-block-spacer\"><\/div>\n\n\n\n<p>While there is no longer any debate about whether Holstenstra\u00dfe, Kiel's central pedestrian zone, should be open to car traffic (as it used to be) or whether the southern promenade should be car-free, which it fortunately is today, no decision has yet been made regarding the northern section of the Kiellinie.<br><br>From a practical and scientific point of view, the urban planning and open space planning perspective is crystal clear: the northern Kiellinie can only improve in terms of quality of life if there is no longer any through traffic for motor vehicles.<br><br>In terms of party politics, the situation is naturally different at the local level, as some parties and stakeholders still believe that car traffic is necessary everywhere and that changing the status quo would restrict everyone's freedom.<br>Of course, it is clear that this is very backward-looking, one-sided and not true.<br><br>Even half-baked solutions that are packaged as accommodating compromises, such as allowing car traffic to travel in only one direction, do not solve the root of the problem.<\/p>\n\n\n\n<p>We are convinced that a car-free design, including an integrated traffic and measures concept for the adjacent residential areas (for example, to prevent motorists from misusing neighbourhood streets as shortcuts), represents the greatest benefit for everyone in Kiel.<\/p>\n\n\n\n<figure class=\"wp-block-image size-full\"><img loading=\"lazy\" decoding=\"async\" width=\"1004\" height=\"661\" src=\"https:\/\/autofrei.jetzt\/wp-content\/uploads\/2025\/07\/Kiellinie_Nord.jpg\" alt=\"\" class=\"wp-image-283\" srcset=\"https:\/\/autofrei.jetzt\/wp-content\/uploads\/2025\/07\/Kiellinie_Nord.jpg 1004w, https:\/\/autofrei.jetzt\/wp-content\/uploads\/2025\/07\/Kiellinie_Nord-300x198.jpg 300w, https:\/\/autofrei.jetzt\/wp-content\/uploads\/2025\/07\/Kiellinie_Nord-768x506.jpg 768w, https:\/\/autofrei.jetzt\/wp-content\/uploads\/2025\/07\/Kiellinie_Nord-18x12.jpg 18w\" sizes=\"auto, (max-width: 1004px) 100vw, 1004px\" \/><\/figure>\n\n\n\n<blockquote class=\"wp-block-quote is-layout-flow wp-block-quote-is-layout-flow\">\n<p class=\"has-small-font-size\"><em>Fig. 4: Visualisation of the winning design in the urban development and open space planning competition for the redesign of the Kiellinie. Variant without car traffic on the northern Kiellinie. Studio RW Berlin, Studio Wessendorf Berlin, Plancontrol Berlin. Source: LH Kiel.<\/em><\/p>\n<\/blockquote>\n\n\n\n<div style=\"height:20px\" aria-hidden=\"true\" class=\"wp-block-spacer\"><\/div>\n\n\n\n<p>For us, it is clear that Kiel must move forward and not maintain the status quo, based on a supposedly easy solution, out of convenience, irrational arguments, ignorance or indifference.<\/p>\n\n\n\n<p><\/p>\n\n\n\n<p>Kiel kann sch\u00f6ner sein &#8211; lasst uns diesen Schritt wagen.<\/p>\n\n\n\n<p><\/p>\n\n\n\n<figure class=\"wp-block-pullquote has-normal-font-size\" style=\"padding-top:var(--wp--preset--spacing--30);padding-right:var(--wp--preset--spacing--50);padding-bottom:var(--wp--preset--spacing--30);padding-left:var(--wp--preset--spacing--50)\"><blockquote><p>\u201cThe Kiellinie Nord offers great development potential for the Kiellinie as a whole. The vision of the Kiellinie Nord is: the fjord slope meets the Kiellinie and the fjord \u2013 life and greenery on the fjord slope and along the promenade meet the blue.\u201d<\/p><cite>LH Kiel (2020): <a href=\"https:\/\/www.kiel.de\/de\/kiel_zukunft\/kiel_plant_baut\/_dokumente_kiellinie\/200824_kiellinie_vorbereitende_untersuchungen.pdf\" data-type=\"link\" data-id=\"https:\/\/www.kiel.de\/de\/kiel_zukunft\/kiel_plant_baut\/_dokumente_kiellinie\/200824_kiellinie_vorbereitende_untersuchungen.pdf\">Kiellinie und D\u00fcsternbrooker F\u00f6rdehang &#8211; Vorbereitende Untersuchungen mit integriertem st\u00e4dtebaulichen Entwicklungskonzept, S. 193.<\/a><\/cite><\/blockquote><\/figure>\n\n\n\n<p class=\"has-text-align-center\">Links:<\/p>\n\n\n\n<div class=\"wp-block-buttons alignwide is-content-justification-center is-layout-flex wp-container-core-buttons-is-layout-a89b3969 wp-block-buttons-is-layout-flex\">\n<div class=\"wp-block-button is-style-fill\"><a class=\"wp-block-button__link has-normal-font-size has-text-align-center has-custom-font-size wp-element-button\" href=\"https:\/\/autofrei.jetzt\/en\/faq\/\" style=\"border-width:3px;border-radius:13px;padding-top:0;padding-right:var(--wp--preset--spacing--30);padding-bottom:0;padding-left:var(--wp--preset--spacing--30)\">FAQ<\/a><\/div>\n<\/div>\n\n\n\n<div class=\"wp-block-buttons is-content-justification-center is-layout-flex wp-container-core-buttons-is-layout-a89b3969 wp-block-buttons-is-layout-flex\">\n<div class=\"wp-block-button is-style-fill\"><a class=\"wp-block-button__link has-normal-font-size has-custom-font-size wp-element-button\" href=\"https:\/\/www.kiel.de\/de\/kiel_zukunft\/kiel_plant_baut\/kiellinie.php\" style=\"border-width:3px;border-radius:13px;padding-top:0;padding-right:var(--wp--preset--spacing--30);padding-bottom:0;padding-left:var(--wp--preset--spacing--30)\">Projektseite der Landeshauptstadt Kiel<\/a><\/div>\n<\/div>\n\n\n\n<hr class=\"wp-block-separator has-alpha-channel-opacity is-style-wide\"\/>\n\n\n\n<p><\/p>\n\n\n\n<p class=\"has-small-font-size\">Source of all images:<br>State capital Kiel. Competition entry 1013 <em>1. Price<\/em>. <em>Studio RW Berlin, Studio Wessendorf Berlin<\/em>. URL: <a href=\"https:\/\/www.kiel.de\/de\/kiel_zukunft\/kiel_plant_baut\/_wettbewerb_kiellinie\/kiel_kiellinie_wettbewerbsarbeit_1013.php\">https:\/\/www.kiel.de\/de\/kiel_zukunft\/kiel_plant_baut\/_wettbewerb_kiellinie\/kiel_kiellinie_wettbewerbsarbeit_1013.php<\/a> (Date: 30.07.2025)<\/p>\n\n\n\n<p><\/p>","protected":false},"excerpt":{"rendered":"<p>Abb. 1: \u00dcbersichtsplan des Gewinner*innenentwurfes des st\u00e4dtebaulichen und freiraumplanerischen Wettbewerbes zur Umgestaltung der Kiellinie. Studio RW Berlin, Studio Wessendorf Berlin, Plancontrol Berlin. Quelle: LH Kiel Die Kiellinie, einer der identit\u00e4tsstiftenden und beliebtesten Orte Kiels, wird vom Schlossgarten bis zum Marinest\u00fctzpunkt in der Wik auf ganzer L\u00e4nge umgestaltet. Ziel ist es den Charme der 70er Jahre [&hellip;]<\/p>\n","protected":false},"author":4,"featured_media":0,"parent":0,"menu_order":0,"comment_status":"closed","ping_status":"closed","template":"","meta":{"_acf_changed":false,"footnotes":""},"class_list":["post-99","page","type-page","status-publish","hentry"],"acf":[],"_links":{"self":[{"href":"https:\/\/autofrei.jetzt\/en\/wp-json\/wp\/v2\/pages\/99","targetHints":{"allow":["GET"]}}],"collection":[{"href":"https:\/\/autofrei.jetzt\/en\/wp-json\/wp\/v2\/pages"}],"about":[{"href":"https:\/\/autofrei.jetzt\/en\/wp-json\/wp\/v2\/types\/page"}],"author":[{"embeddable":true,"href":"https:\/\/autofrei.jetzt\/en\/wp-json\/wp\/v2\/users\/4"}],"replies":[{"embeddable":true,"href":"https:\/\/autofrei.jetzt\/en\/wp-json\/wp\/v2\/comments?post=99"}],"version-history":[{"count":23,"href":"https:\/\/autofrei.jetzt\/en\/wp-json\/wp\/v2\/pages\/99\/revisions"}],"predecessor-version":[{"id":692,"href":"https:\/\/autofrei.jetzt\/en\/wp-json\/wp\/v2\/pages\/99\/revisions\/692"}],"wp:attachment":[{"href":"https:\/\/autofrei.jetzt\/en\/wp-json\/wp\/v2\/media?parent=99"}],"curies":[{"name":"wp","href":"https:\/\/api.w.org\/{rel}","templated":true}]}}